{"id":7,"date":"2015-09-11T14:31:57","date_gmt":"2015-09-11T11:31:57","guid":{"rendered":"http:\/\/versal.ee\/?page_id=7"},"modified":"2023-04-19T15:49:21","modified_gmt":"2023-04-19T12:49:21","slug":"klientu","status":"publish","type":"page","link":"http:\/\/www.versal.ee\/fi\/asiakkaalle","title":{"rendered":"Asiakkaalle"},"content":{"rendered":"<p>&nbsp;<\/p>\n<p>Tarjoamme asiakaillemme mahdollisuuden tehd\u00e4 eri kiinteist\u00f6kauppoja &#8211; asuntojen, talojen, m\u00f6kkien, tonttien sek\u00e4 toimisto- ja teollisuuspintoje &#8211; mukavasti ja kannattavasti.<\/p>\n<p>Autamme sinua l\u00f6yt\u00e4m\u00e4\u00e4n kiinnostunutta ostaaja ja valmistelemme ja organisoimme koko liiketoiminnan kaikkien vahvistamien s\u00e4\u00e4nt\u00f6jen ja Viron lains\u00e4\u00e4d\u00e4nn\u00f6n mukaisesti.<\/p>\n<p>Vuosien varrella tiimimme on menestyksekk\u00e4\u00e4sti todistanut itseens\u00e4 ja luonut luotettavan ja ammattilaisen kiinteist\u00f6nv\u00e4litysyhti\u00f6n.<\/p>\n<p>&nbsp;<\/p>\n<p><strong>Myyj\u00e4lle ja vuokranantajalle:\u00a0<\/strong><\/p>\n<ul>\n<li>kiinteist\u00f6n myynti ja vuokraus<\/li>\n<li>kiinteist\u00f6markinaan analyysi<\/li>\n<li>tehokkaan mainoksen j\u00e4rjest\u00e4minen<\/li>\n<li>virallinen kiinteist\u00f6arviointi ammatitaitoiselta kiinteist\u00f6nv\u00e4lit\u00e4j\u00e4lt\u00e4<\/li>\n<li>kiinteist\u00f6n myynnin valmistelu<\/li>\n<li>asiakkaan ja mahdollisen ostajan v\u00e4lisen tapaamisen j\u00e4rjestely<\/li>\n<li>kohdeen teknisten ja oikeudellisten asiakirjojen laatiminen<\/li>\n<li>oikeudellinen tuki, oikeudellisten kysymysten ratkaiseminen ja asiakkaan edustaminen liiketoiminnassa<\/li>\n<\/ul>\n<p>&nbsp;<\/p>\n<p><strong>Ostajalle:<\/strong><\/p>\n<ul>\n<li>kiinteist\u00f6jen haku pyynn\u00f6n mukaisesti<\/li>\n<li>rahoituslaitosten tarjousten arviointi, sek\u00e4 edullisimman luotonantovaihtoehtojen valitseminen<\/li>\n<li>apu kiinnituksen virallistamiseen tarvittavien asiakirjojen ker\u00e4misess\u00e4 ja k\u00e4sitelyss\u00e4<\/li>\n<li>luotettava kiinteist\u00f6kauppojen hallinta<\/li>\n<li>oikeudellinen neuvonta notaarin toimistossa<\/li>\n<\/ul>\n<p>&nbsp;<\/p>\n<p>Noudattamme periaatetta, ett\u00e4 jokainen asiakas on yksil\u00f6llisen l\u00e4hestymistavan ja korkean palvelutason arvoinen. Jos haluat s\u00e4\u00e4st\u00e4\u00e4 aikaa ja tehd\u00e4 kiinteist\u00f6kaupoja mukavasti, olet tervetulleet kiinteist\u00f6nv\u00e4litystoimistoon Versal.ee!<\/p>","protected":false},"excerpt":{"rendered":"<p>&nbsp; Tarjoamme asiakaillemme mahdollisuuden tehd\u00e4 eri kiinteist\u00f6kauppoja &#8211; asuntojen, talojen, m\u00f6kkien, tonttien sek\u00e4 toimisto- ja teollisuuspintoje &#8211; mukavasti ja kannattavasti. Autamme sinua l\u00f6yt\u00e4m\u00e4\u00e4n kiinnostunutta ostaaja ja valmistelemme ja organisoimme koko liiketoiminnan kaikkien vahvistamien s\u00e4\u00e4nt\u00f6jen ja Viron lains\u00e4\u00e4d\u00e4nn\u00f6n mukaisesti. Vuosien varrella tiimimme on menestyksekk\u00e4\u00e4sti todistanut itseens\u00e4 ja luonut luotettavan ja ammattilaisen kiinteist\u00f6nv\u00e4litysyhti\u00f6n. &nbsp; Myyj\u00e4lle ja vuokranantajalle:\u00a0 [&hellip;]<\/p>\n","protected":false},"author":1,"featured_media":0,"parent":0,"menu_order":0,"comment_status":"closed","ping_status":"closed","template":"temp-rightmenu.php","meta":{"_acf_changed":false,"footnotes":""},"class_list":["post-7","page","type-page","status-publish","hentry"],"acf":[],"_links":{"self":[{"href":"http:\/\/www.versal.ee\/fi\/wp-json\/wp\/v2\/pages\/7"}],"collection":[{"href":"http:\/\/www.versal.ee\/fi\/wp-json\/wp\/v2\/pages"}],"about":[{"href":"http:\/\/www.versal.ee\/fi\/wp-json\/wp\/v2\/types\/page"}],"author":[{"embeddable":true,"href":"http:\/\/www.versal.ee\/fi\/wp-json\/wp\/v2\/users\/1"}],"replies":[{"embeddable":true,"href":"http:\/\/www.versal.ee\/fi\/wp-json\/wp\/v2\/comments?post=7"}],"version-history":[{"count":127,"href":"http:\/\/www.versal.ee\/fi\/wp-json\/wp\/v2\/pages\/7\/revisions"}],"predecessor-version":[{"id":507,"href":"http:\/\/www.versal.ee\/fi\/wp-json\/wp\/v2\/pages\/7\/revisions\/507"}],"wp:attachment":[{"href":"http:\/\/www.versal.ee\/fi\/wp-json\/wp\/v2\/media?parent=7"}],"curies":[{"name":"wp","href":"https:\/\/api.w.org\/{rel}","templated":true}]}}