{"id":9,"date":"2015-09-11T14:32:09","date_gmt":"2015-09-11T11:32:09","guid":{"rendered":"http:\/\/versal.ee\/?page_id=9"},"modified":"2023-04-19T15:45:18","modified_gmt":"2023-04-19T12:45:18","slug":"o-kompanii","status":"publish","type":"page","link":"http:\/\/www.versal.ee\/ee\/kinnisvaraburoo","title":{"rendered":"Kinnisvarab\u00fcroo"},"content":{"rendered":"<p>&nbsp;<\/p>\n<p>Kinnisvarab\u00fcroo <strong>\u00abVersal.ee\u00bb<\/strong> \u2014 on \u00fcks k\u00f5ige d\u00fcnaamilise arenguga ettev\u00f5ttest kinnisvaraturul Eestis.<\/p>\n<p>Meie b\u00fcroo spetsialistidel on suur t\u00f6\u00f6kogemus ning nad lahendavad k\u00f5ik k\u00fcsimused, mis on seotud kinnisvara ostu-m\u00fc\u00fcgiga ja ostu-m\u00fc\u00fcgiks ettevalmistamisega. Meie tegeleme erineva t\u00fc\u00fcbi kinnisvaraga (korteritega, majadega, maat\u00fckkidega, b\u00fcroo- ja t\u00f6\u00f6stuspindadega) ostu-m\u00fc\u00fcgiga, \u00fc\u00fcrimisega ja kinnisvara hindamisega. Meie ettev\u00f5te spetsialistid vormistavad k\u00f5ik vajalikud dokumendid kinnisvara tehinguks.<\/p>\n<p>Meie ettev\u00f5ttes t\u00f6\u00f6tavad ka kogenenud juristid, kes pakuvad tehingute juriidilist n\u00f5ustamist erit\u00fc\u00fcbi kinnisvaraga nii eluruumidega kui ka mitteeluruumidega. Vajadusel pakume ka juriidilist abi vaidluste lahendamisel.<\/p>\n<p>&nbsp;<\/p>\n<p><strong>Meie garanteerime:<\/strong><\/p>\n<ul>\n<li><strong>Usaldusv\u00e4\u00e4rsust<\/strong> \u2014 igas situatsioonis v\u00e4\u00e4rtustame ausaid ja l\u00e4bipaistvaid suhteid klientidega.<\/li>\n<li><strong>\u00d5iget reklaamikampaania organiseerimist<\/strong> \u2014 aastate jooksul oleme valinud efektiivset turundusstrateegiat kinnisvara objektide ostu-m\u00fc\u00fcgil ja \u00fc\u00fcrileandmisel.<\/li>\n<li><strong>K\u00f5nede ja p\u00e4ringute kontroll ja seire<\/strong> \u2014 p\u00f6\u00f6rame erilist t\u00e4helepanu k\u00f5nedele ja p\u00e4ringutele potentsiaalsetelt klientidelt.<\/li>\n<li><strong>Objektiivsust ja \u00f5igsust kinnisvara hindamisel <\/strong>\u2014 meie spetsialistid on alati kursis tendentsiga kinnisvaraturul Eestis ja EL-is.<\/li>\n<li><strong>Professionaalsust<\/strong> \u2014 meie kogenenud spetsialistid pakuvad klientidele kvalifitseeritud tugi ja tipptasemel teenindust.<\/li>\n<li><strong>Individuaalset l\u00e4henemist igale kliendile <\/strong>\u2014 L\u00e4htume p\u00f5him\u00f5ttest, mille kohaselt iga klient v\u00e4\u00e4rib individuaalset l\u00e4henemist ja k\u00f5rgetasemelist teenust.<\/li>\n<\/ul>\n<p><\/p>","protected":false},"excerpt":{"rendered":"<p>&nbsp; Kinnisvarab\u00fcroo \u00abVersal.ee\u00bb \u2014 on \u00fcks k\u00f5ige d\u00fcnaamilise arenguga ettev\u00f5ttest kinnisvaraturul Eestis. Meie b\u00fcroo spetsialistidel on suur t\u00f6\u00f6kogemus ning nad lahendavad k\u00f5ik k\u00fcsimused, mis on seotud kinnisvara ostu-m\u00fc\u00fcgiga ja ostu-m\u00fc\u00fcgiks ettevalmistamisega. Meie tegeleme erineva t\u00fc\u00fcbi kinnisvaraga (korteritega, majadega, maat\u00fckkidega, b\u00fcroo- ja t\u00f6\u00f6stuspindadega) ostu-m\u00fc\u00fcgiga, \u00fc\u00fcrimisega ja kinnisvara hindamisega. Meie ettev\u00f5te spetsialistid vormistavad k\u00f5ik vajalikud dokumendid kinnisvara [&hellip;]<\/p>\n","protected":false},"author":1,"featured_media":0,"parent":0,"menu_order":0,"comment_status":"closed","ping_status":"closed","template":"temp-rightmenu.php","meta":{"_acf_changed":false,"footnotes":""},"class_list":["post-9","page","type-page","status-publish","hentry"],"acf":[],"_links":{"self":[{"href":"http:\/\/www.versal.ee\/ee\/wp-json\/wp\/v2\/pages\/9"}],"collection":[{"href":"http:\/\/www.versal.ee\/ee\/wp-json\/wp\/v2\/pages"}],"about":[{"href":"http:\/\/www.versal.ee\/ee\/wp-json\/wp\/v2\/types\/page"}],"author":[{"embeddable":true,"href":"http:\/\/www.versal.ee\/ee\/wp-json\/wp\/v2\/users\/1"}],"replies":[{"embeddable":true,"href":"http:\/\/www.versal.ee\/ee\/wp-json\/wp\/v2\/comments?post=9"}],"version-history":[{"count":51,"href":"http:\/\/www.versal.ee\/ee\/wp-json\/wp\/v2\/pages\/9\/revisions"}],"predecessor-version":[{"id":506,"href":"http:\/\/www.versal.ee\/ee\/wp-json\/wp\/v2\/pages\/9\/revisions\/506"}],"wp:attachment":[{"href":"http:\/\/www.versal.ee\/ee\/wp-json\/wp\/v2\/media?parent=9"}],"curies":[{"name":"wp","href":"https:\/\/api.w.org\/{rel}","templated":true}]}}