{"id":7,"date":"2015-09-11T14:31:57","date_gmt":"2015-09-11T11:31:57","guid":{"rendered":"http:\/\/versal.ee\/?page_id=7"},"modified":"2023-04-19T15:49:21","modified_gmt":"2023-04-19T12:49:21","slug":"klientu","status":"publish","type":"page","link":"http:\/\/www.versal.ee\/ee\/kliendile","title":{"rendered":"Kliendile"},"content":{"rendered":"<p>&nbsp;<\/p>\n<p>Pakume oma klientidele v\u00f5imalust teha kinnisvaratehingut iga t\u00fc\u00fcbi kinnisvaraga- korteriga, majaga, suvilaga, krundiga, samuti b\u00fcroo- ja t\u00f6\u00f6stuspindadega, mugavalt ja kasumlikult.<\/p>\n<p>Aitame leida asjahuvilist ostjat ning valmistame ja korraldame tehingut vastavalt k\u00f5ikidele normidele, mis on kehtestatud Eesti Vabariigi \u00f5igusaktidega.<\/p>\n<p>Aastatega on meie meeskond edukalt ennast n\u00e4idanud ja loonud usaldusv\u00e4\u00e4rset ja professionaalset kinnisvarab\u00fcrood.<\/p>\n<p>&nbsp;<\/p>\n<p><strong>M\u00fc\u00fcjale ja \u00fc\u00fcrileandjale:\u00a0<\/strong><\/p>\n<ul>\n<li>kinnisvara m\u00fc\u00fcgi- ja \u00fc\u00fcrimisteenused<\/li>\n<li>kinnisvaraturu anal\u00fc\u00fcs<\/li>\n<li>efektiivse reklaami organiseerimine<\/li>\n<li>ametlik kinnisvarahindamine kutselise kinnisvaramaakleri poolt<\/li>\n<li>kinnisvara m\u00fc\u00fcgiks ettevalmistamine<\/li>\n<li>kliendi ja potentsiaalse ostja kohtumise organiseerimine<\/li>\n<li>objekti tehnilise ja juriidilise dokumentatsiooni vormistamine<\/li>\n<\/ul>\n<ul>\n<li>\u00f5igusalane tugi, juriidiliste k\u00fcsimuste lahendamine ja kliendi esindamine tehingute tegemisel<\/li>\n<\/ul>\n<p>&nbsp;<\/p>\n<p><strong>Ostjale:<\/strong><\/p>\n<ul>\n<li>kinnisvaraobjekti otsing vastavalt taotlusele<\/li>\n<li>finantsasutuste pakkumuste hinnang, ning k\u00f5ige soodsamate krediteerimisv\u00f5imaluste valimine<\/li>\n<li>kaasaabi h\u00fcpoteegi vormistamiseks vajalikke dokumentide kogumisel ja t\u00f6\u00f6tlemisel<\/li>\n<li>usaldusv\u00e4\u00e4rne kinnisvaratehingute haldus<\/li>\n<li>juriidiline n\u00f5ustamine notari b\u00fcroos<\/li>\n<\/ul>\n<p>&nbsp;<\/p>\n<p>L\u00e4htume p\u00f5him\u00f5ttest, mille kohaselt iga klient on individuaalset l\u00e4henemist ja k\u00f5rgtasemelist teenindust v\u00e4\u00e4rt. Kui soovite s\u00e4\u00e4sta oma aega ja teha mugavalt kinnisvaratehingut, tere tulemast kinnisvarab\u00fcroosse Versal.ee!<\/p>","protected":false},"excerpt":{"rendered":"<p>&nbsp; Pakume oma klientidele v\u00f5imalust teha kinnisvaratehingut iga t\u00fc\u00fcbi kinnisvaraga- korteriga, majaga, suvilaga, krundiga, samuti b\u00fcroo- ja t\u00f6\u00f6stuspindadega, mugavalt ja kasumlikult. Aitame leida asjahuvilist ostjat ning valmistame ja korraldame tehingut vastavalt k\u00f5ikidele normidele, mis on kehtestatud Eesti Vabariigi \u00f5igusaktidega. Aastatega on meie meeskond edukalt ennast n\u00e4idanud ja loonud usaldusv\u00e4\u00e4rset ja professionaalset kinnisvarab\u00fcrood. &nbsp; M\u00fc\u00fcjale ja [&hellip;]<\/p>\n","protected":false},"author":1,"featured_media":0,"parent":0,"menu_order":0,"comment_status":"closed","ping_status":"closed","template":"temp-rightmenu.php","meta":{"_acf_changed":false,"footnotes":""},"class_list":["post-7","page","type-page","status-publish","hentry"],"acf":[],"_links":{"self":[{"href":"http:\/\/www.versal.ee\/ee\/wp-json\/wp\/v2\/pages\/7"}],"collection":[{"href":"http:\/\/www.versal.ee\/ee\/wp-json\/wp\/v2\/pages"}],"about":[{"href":"http:\/\/www.versal.ee\/ee\/wp-json\/wp\/v2\/types\/page"}],"author":[{"embeddable":true,"href":"http:\/\/www.versal.ee\/ee\/wp-json\/wp\/v2\/users\/1"}],"replies":[{"embeddable":true,"href":"http:\/\/www.versal.ee\/ee\/wp-json\/wp\/v2\/comments?post=7"}],"version-history":[{"count":127,"href":"http:\/\/www.versal.ee\/ee\/wp-json\/wp\/v2\/pages\/7\/revisions"}],"predecessor-version":[{"id":507,"href":"http:\/\/www.versal.ee\/ee\/wp-json\/wp\/v2\/pages\/7\/revisions\/507"}],"wp:attachment":[{"href":"http:\/\/www.versal.ee\/ee\/wp-json\/wp\/v2\/media?parent=7"}],"curies":[{"name":"wp","href":"https:\/\/api.w.org\/{rel}","templated":true}]}}